{"id":1426,"date":"2023-03-01T18:11:30","date_gmt":"2023-03-01T17:11:30","guid":{"rendered":"http:\/\/syrosebud.de\/?page_id=1426"},"modified":"2023-06-16T12:20:41","modified_gmt":"2023-06-16T10:20:41","slug":"westliche-kanaren-fahrt-12-tage","status":"publish","type":"page","link":"https:\/\/syrosebud.de\/?page_id=1426","title":{"rendered":"Westliche Kanaren &#8211; Fahrt 12 Tage"},"content":{"rendered":"\n<p>Die drei westlichen Kanareninseln <strong>El Hierro, La Gomera und Teneriffa<\/strong> sind das Ziel dieser Fahrt. Als gr\u00f6\u00dfte Insel der \u00f6stlichen Kanaren besuchen wir wenn m\u00f6glich auch <strong>Gran Canaria<\/strong>. Auf der Fahrt fordern die gro\u00dfen Abst\u00e4nde zwischen den H\u00e4fen \u00f6fters ein fr\u00fches Aufstehen. Die beste Jahreszeit f\u00fcr diese Strecken ist der Sommer, also von Juni bis September. Aber auch zu jeder anderen Jahreszeit kann gefahren werden &#8211; je nach Wind wird der Ablauf dann angepasst.<\/p>\n\n\n\n<div class=\"wp-block-columns is-layout-flex wp-container-core-columns-is-layout-9d6595d7 wp-block-columns-is-layout-flex\">\n<div class=\"wp-block-column is-layout-flow wp-block-column-is-layout-flow\" style=\"flex-basis:66.66%\">\n<figure class=\"wp-block-table has-small-font-size\"><table><tbody><tr><td>Fahrtgebiet<\/td><td>Atlantik, Westliche Kanaren<\/td><\/tr><tr><td>Schwierigkeit<\/td><td>Einfach, 7 Tage in Fahrt, 5 Pausentage<\/td><\/tr><tr><td>Route<\/td><td>La Palma, El Hierro, La Gomera, <br>Teneriffa, Gran Canaria<\/td><\/tr><tr><td>Strecke<\/td><td>ca. 350M oder 360M f\u00fcr SKS\/SSS\/SHS<br>RYA YM Costal\/Offshore<\/td><\/tr><tr><td>Saison<\/td><td>Ganzj\u00e4hrig, optimal Juni bis September <\/td><\/tr><tr><td>Ausr\u00fcstung<\/td><td>Tropen<\/td><\/tr><\/tbody><\/table><figcaption class=\"wp-element-caption\">Zusammenfassung<\/figcaption><\/figure>\n<\/div>\n\n\n\n<div class=\"wp-block-column is-layout-flow wp-block-column-is-layout-flow\" style=\"flex-basis:33.33%\">\n<figure class=\"wp-block-image size-large\"><img loading=\"lazy\" decoding=\"async\" width=\"1024\" height=\"768\" src=\"https:\/\/syrosebud.de\/wp-content\/uploads\/2022\/10\/Rosebud2021-1024x768.jpg\" alt=\"\" class=\"wp-image-1444\" srcset=\"https:\/\/syrosebud.de\/wp-content\/uploads\/2022\/10\/Rosebud2021-1024x768.jpg 1024w, https:\/\/syrosebud.de\/wp-content\/uploads\/2022\/10\/Rosebud2021-300x225.jpg 300w, https:\/\/syrosebud.de\/wp-content\/uploads\/2022\/10\/Rosebud2021-768x576.jpg 768w, https:\/\/syrosebud.de\/wp-content\/uploads\/2022\/10\/Rosebud2021.jpg 1210w\" sizes=\"auto, (max-width: 1024px) 100vw, 1024px\" \/><figcaption class=\"wp-element-caption\">Rosebud 2021 in Porto<\/figcaption><\/figure>\n<\/div>\n<\/div>\n\n\n\n<div class=\"wp-block-columns is-layout-flex wp-container-core-columns-is-layout-9d6595d7 wp-block-columns-is-layout-flex\">\n<div class=\"wp-block-column is-layout-flow wp-block-column-is-layout-flow\">\n<h2 class=\"wp-block-heading\">Variante A &#8211; Bei Nordwind<\/h2>\n\n\n\n<figure class=\"wp-block-image size-large\"><img loading=\"lazy\" decoding=\"async\" width=\"1024\" height=\"494\" src=\"https:\/\/syrosebud.de\/wp-content\/uploads\/2022\/10\/Variante-A-1024x494.jpg\" alt=\"\" class=\"wp-image-1440\" srcset=\"https:\/\/syrosebud.de\/wp-content\/uploads\/2022\/10\/Variante-A-1024x494.jpg 1024w, https:\/\/syrosebud.de\/wp-content\/uploads\/2022\/10\/Variante-A-300x145.jpg 300w, https:\/\/syrosebud.de\/wp-content\/uploads\/2022\/10\/Variante-A-768x371.jpg 768w, https:\/\/syrosebud.de\/wp-content\/uploads\/2022\/10\/Variante-A-1536x742.jpg 1536w, https:\/\/syrosebud.de\/wp-content\/uploads\/2022\/10\/Variante-A.jpg 1692w\" sizes=\"auto, (max-width: 1024px) 100vw, 1024px\" \/><figcaption class=\"wp-element-caption\">Variante A &#8211; Bei Nordwind direkt nach Gran Canaria<\/figcaption><\/figure>\n\n\n\n<figure class=\"wp-block-table has-small-font-size\"><table><thead><tr><th>Tag<\/th><th>Was<\/th><th>Von<\/th><th>Nach<\/th><th>M<\/th><\/tr><\/thead><tbody><tr><td>1<\/td><td>Anreise<\/td><td>Dahoam<\/td><td>Tazacorte (La Palma)<\/td><td><\/td><\/tr><tr><td>2<\/td><td>Vorbereitung, Einkaufen, <br>Probeschlag, Grillen<\/td><td>Tazacorte (La Palma)<\/td><td>Tazacorte (La Palma)<\/td><td><\/td><\/tr><tr><td>3<\/td><td>\u00dcberfahrt<\/td><td>Tazacorte (La Palma)<\/td><td>Puerto de la Estaca (El Hierro)<\/td><td>52<\/td><\/tr><tr><td>4<\/td><td>Pausentag, evtl. Verlegen<\/td><td>Puerto de la Estaca (El Hierro)<\/td><td>La Restinga (El Hierro)<\/td><td>(10)<\/td><\/tr><tr><td>5\/6<\/td><td>Tauchen, nachmittags Auslaufen<\/td><td>El Hierro<\/td><td>Puerto de Mog\u00e1n (Gran Canaria) <\/td><td>119<\/td><\/tr><tr><td>7<\/td><td>Pausentag<\/td><td>Puerto de Mog\u00e1n (Gran Canaria) <\/td><td><\/td><td><\/td><\/tr><tr><td>8<\/td><td>\u00dcberfahrt<\/td><td>Puerto de Mog\u00e1n (Gran Canaria) <\/td><td>Santa Cruz (Teneriffa)<\/td><td>48<\/td><\/tr><tr><td>9<\/td><td>Pausentag<\/td><td>Santa Cruz (Teneriffa)<\/td><td><\/td><td><\/td><\/tr><tr><td>10<\/td><td>\u00dcberfahrt<\/td><td>Santa Cruz (Teneriffa)<\/td><td>Las Galettas (Teneriffa) &#8211; <em>Optional<\/em><\/td><td>40<\/td><\/tr><tr><td>11<\/td><td>\u00dcberfahrt<\/td><td>Las Galettas (Teneriffa)<\/td><td>San Sebasti\u00e1n (La Gomera)<\/td><td>25<\/td><\/tr><tr><td>12<\/td><td>Pausentag<\/td><td>San Sebasti\u00e1n (La Gomera)<\/td><td><\/td><td><\/td><\/tr><tr><td>13<\/td><td>\u00dcberfahrt<\/td><td>San Sebasti\u00e1n (La Gomera)<\/td><td>Tazacorte (La Palma) <\/td><td>67<\/td><\/tr><tr><td>14<\/td><td>Abreise<\/td><td>Tazacorte (La Palma) <\/td><td>Dahoam<\/td><td><strong>351 (361)<\/strong><\/td><\/tr><\/tbody><\/table><figcaption class=\"wp-element-caption\">Varianta A &#8211; 351M gesamt &#8211; 6 Tage an Bord &#8211; zwei Schl\u00e4ge &gt; 60M &#8211; 1 Nachtfahrt &#8211; RYA Offshore Meilen: YES<\/figcaption><\/figure>\n<\/div>\n<\/div>\n\n\n\n<div class=\"wp-block-columns is-layout-flex wp-container-core-columns-is-layout-9d6595d7 wp-block-columns-is-layout-flex\">\n<div class=\"wp-block-column is-layout-flow wp-block-column-is-layout-flow\">\n<h2 class=\"wp-block-heading\">Variante B &#8211; Bei Wind aus Ost oder Nordost<\/h2>\n<\/div>\n<\/div>\n\n\n\n<figure class=\"wp-block-image size-large\"><img loading=\"lazy\" decoding=\"async\" width=\"1024\" height=\"503\" src=\"https:\/\/syrosebud.de\/wp-content\/uploads\/2022\/10\/Variante-B-1024x503.jpg\" alt=\"\" class=\"wp-image-1441\" srcset=\"https:\/\/syrosebud.de\/wp-content\/uploads\/2022\/10\/Variante-B-1024x503.jpg 1024w, https:\/\/syrosebud.de\/wp-content\/uploads\/2022\/10\/Variante-B-300x147.jpg 300w, https:\/\/syrosebud.de\/wp-content\/uploads\/2022\/10\/Variante-B-768x377.jpg 768w, https:\/\/syrosebud.de\/wp-content\/uploads\/2022\/10\/Variante-B-1536x755.jpg 1536w, https:\/\/syrosebud.de\/wp-content\/uploads\/2022\/10\/Variante-B.jpg 1718w\" sizes=\"auto, (max-width: 1024px) 100vw, 1024px\" \/><figcaption class=\"wp-element-caption\">Variante B -Bei Nordostwind der lange Weg nach Hause<\/figcaption><\/figure>\n\n\n\n<figure class=\"wp-block-table has-small-font-size\"><table><thead><tr><th>Tag<\/th><th>Was<\/th><th>Von<\/th><th>Nach<\/th><th>M<\/th><\/tr><\/thead><tbody><tr><td>1<\/td><td>Anreise<\/td><td>Dahoam<\/td><td>Tazacorte (La Palma)<\/td><td><\/td><\/tr><tr><td>2<\/td><td>Vorbereitung, Einkaufen, <br>Probeschlag, Grillen<\/td><td>Tazacorte (La Palma)<\/td><td>Tazacorte (La Palma)<\/td><td><\/td><\/tr><tr><td>3<\/td><td>\u00dcberfahrt<\/td><td>Tazacorte (La Palma)<\/td><td>Puerto de la Estaca (El Hierro)<\/td><td>52<\/td><\/tr><tr><td>4<\/td><td>Pausentag, evtl. Verlegen<\/td><td>Puerto de la Estaca (El Hierro)<\/td><td>La Restinga (El Hierro)<\/td><td>(10)<\/td><\/tr><tr><td>5<\/td><td>Tauchen<\/td><td>La Restinga (El Hierro)<\/td><td><\/td><td><\/td><\/tr><tr><td>6<\/td><td>\u00dcberfahrt<\/td><td>La Restinga (El Hierro)<\/td><td>San Sebasti\u00e1n (La Gomera)<\/td><td>48<\/td><\/tr><tr><td>7<\/td><td>Pausentag<\/td><td>San Sebasti\u00e1n (La Gomera)<\/td><td><\/td><td><\/td><\/tr><tr><td>8<\/td><td>\u00dcberfahrt<\/td><td>San Sebasti\u00e1n (La Gomera)<\/td><td>Las Galettas (Teneriffa) &#8211; <em>Optional<\/em><\/td><td>25<\/td><\/tr><tr><td>9<\/td><td>\u00dcberfahrt<\/td><td>Las Galettas (Teneriffa)<\/td><td>Puerto de Mog\u00e1n (Gran Canaria)<\/td><td>50<\/td><\/tr><tr><td>10<\/td><td>Pausentag<\/td><td>Puerto de Mog\u00e1n (Gran Canaria)<\/td><td><\/td><td><\/td><\/tr><tr><td>11<\/td><td>\u00dcberfahrt<\/td><td>Puerto de Mog\u00e1n (Gran Canaria)<\/td><td>Santa Cruz (Teneriffa)<\/td><td>48<\/td><\/tr><tr><td>12\/13<\/td><td>Pausentag, nachmittags Auslaufen<\/td><td>Santa Cruz (Teneriffa)<\/td><td>Tazacorte (La Palma)<\/td><td>129<\/td><\/tr><tr><td>14<\/td><td>Abreise<\/td><td>Tazacorte (La Palma)<\/td><td>Dahoam<\/td><td><strong>352<\/strong> <strong>(362)<\/strong><\/td><\/tr><\/tbody><\/table><figcaption class=\"wp-element-caption\">Varianta B &#8211; 352M gesamt &#8211; 6 Tage an Bord &#8211; ein Schlag &gt; 60M &#8211; 1 Nachtfahrt &#8211; RYA Offshore Meilen: YES<\/figcaption><\/figure>\n\n\n\n<h3 class=\"wp-block-heading\">Ablauf<\/h3>\n\n\n\n<p>Tag 1 Anreise &#8211; am besten mit dem Flugzeug.<\/p>\n\n\n\n<p>Tag 2 Verbringen wir mit Briefing, Vorbereitung und Einkaufen. Wenn es die Zeit vor dem Grillen zul\u00e4sst, fahren wir einen kleinen Probeschlag vor der Westk\u00fcste La Palmas. Das Boot wird abends f\u00fcr ein fr\u00fches Ablegen in Tazacorte vorbereitet.<\/p>\n\n\n\n<p>Tag 3 Fahren wir 52M von Tazacorte (La Palma) nach Puerto de la Estaca (El Hierro).<\/p>\n\n\n\n<p>Tag 4 Wir erkunden die Insel El Hierro mit dem Mietwagen und besuchen den alten Nullmeridian. Auf der R\u00fcckfahrt sehen wir uns den Hafen La Restinga im S\u00fcdosten an und kl\u00e4ren das Tauchen am n\u00e4chsten Tag. Eventuell verlegen wir nach La Restinga und geben den Mietwagen ab.<\/p>\n\n\n\n<p>Tag 5 Wir gehen Tauchen oder ruhen aus und bereiten die \u00dcberfahrt nach La Gomera (48M) oder Gran Canaria (119M) vor. Das h\u00e4ngt vom Wind ab. Kommt er mehr aus N als aus NE, dann k\u00f6nnen wir in einer 24 Stunden Fahrt nach Puerto de Mog\u00e1n (Gran Canaria) segeln und von dort aus \u00fcber Teneriffa und La Gomera zur\u00fcck (Variante A). Kommt der Wind aber aus NE oder E, dann m\u00fcssen wir gegen den Wind die 48M nach San Sebasti\u00e1n (La Gomera) motoren (Variante B).<\/p>\n\n\n\n<h3 class=\"wp-block-heading\">Variante A &#8211; Bei Nordwind<\/h3>\n\n\n\n<p>Tag 6 Wir kommen Nachmittags von El Hierro in Puerto Mog\u00e1n an, erholen uns von der Nachtfahrt und sehen mal, was man bis Abends von Gran Canaria zu Gesicht bekommt.<\/p>\n\n\n\n<p>Tag 7 Pausentag auf Gran Canaria<\/p>\n\n\n\n<p>Tag 8 Wir fahren 48M Richtung NW nach Santa Cruz (Teneriffa). Die Marina ist direkt an der Innenstadt und wir k\u00f6nnen Nachmittags Shoppen und Essen gehen.<\/p>\n\n\n\n<p>Tag 9 Pausentag auf Teneriffa. Mit dem Mietwagen kaufen wir ein, fahren um die Insel und evtl. bis auf den Teide, den h\u00f6chsten Berg Spaniens.<\/p>\n\n\n\n<p>Tag 10 Wir fahren 40M Richtung SW an der K\u00fcste entlang nach Las Galettas im S\u00fcden von Teneriffa. (Je nach Zeit, k\u00f6nnen wir auch gleich nach San Sebasti\u00e1n (La Gomera) 65M fahren.)<\/p>\n\n\n\n<p>Tag 11 \u00dcberfahrt von Las Galettas (Teneriffa) nach San Sebasti\u00e1n (La Gomera) 25M.<\/p>\n\n\n\n<p>Tag 12 Pausentag auf La Gomera. <\/p>\n\n\n\n<p>Tag 13 Die R\u00fcckfahrt nach Tazacorte (La Palma) mit 67M startet fr\u00fch morgens.<\/p>\n\n\n\n<h3 class=\"wp-block-heading\">Variante B &#8211; Bei Wind aus Ost oder Nordost<\/h3>\n\n\n\n<p>Tag 6 \u00dcberfahrt von El Hierro 48M nach San Sebasti\u00e1n (La Gomera).<\/p>\n\n\n\n<p>Tag 7 Pausentag auf La Gomera.<\/p>\n\n\n\n<p>Tag 8 \u00dcberfahrt von La Gomera nach Las Galettas (Teneriffa) 25M. Nachmittag im S\u00fcden von Teneriffa, sehr touristisch und bis auf den Hafen recht bedeutungslos. (Je nach Zeit k\u00f6nnen wir Las Galettas auch auslassen und fahren direkt nach Puerto de Mog\u00e1n (Gran Canaria) 75M.)<\/p>\n\n\n\n<p>Tag 9 \u00dcberfahrt von Teneriffa nach Puerto de Mog\u00e1n (Gran Canaria) 50M.<\/p>\n\n\n\n<p>Tag 10 Pausentag Gran Canaria. Einkaufen und Inselerkundung mit Mietwagen.<\/p>\n\n\n\n<p>Tag 11 Wir fahren 48M Richtung NW nach Santa Cruz (Teneriffa). Die Marina ist direkt an der Innenstadt und wir k\u00f6nnen Nachmittags Shoppen und Essen gehen.<\/p>\n\n\n\n<p>Tag 12 Pausentag Teneriffa. Mit dem Mietwagen fahren wir um die Insel und evtl. bis auf den Teide, den h\u00f6chsten Berg Spaniens. Abends brechen wir auf nach Tazacorte (La Palma) 129M und umrunden die Nordspitze Teneriffas gegen den Uhrzeigersinn und sicher auch gegen den Wind.<\/p>\n\n\n\n<p>Tag 13 Nach der Nachtfahrt steuern wir die Nordspitze La Palmas an und runden diese auf die Westseite, durch die Beschleunigungszone hinunter bis Tazacorte &#8211; wie schon vor einem Jahr.<\/p>\n\n\n\n<h3 class=\"wp-block-heading\">Beide Varianten<\/h3>\n\n\n\n<p>Tag 13 R\u00fcckfahrt &#8211; Nach der Ankunft r\u00e4umen wir das Boot und fahren zur\u00fcck ins Haus. Abends gibt es Grill oder Restaurant. Um vor der Abreise lieber einen ganzen freien Tag zu haben, kneifen wir in beiden Varianten einfach die jeweilige Option an Tag 10 bzw. 8.<\/p>\n\n\n\n<p>Tag 14 Abreise<\/p>\n\n\n\n<h2 class=\"wp-block-heading\">Ausr\u00fcstung<\/h2>\n\n\n\n<p>Was muss man mitbringen? <a rel=\"noreferrer noopener\" href=\"https:\/\/syrosebud.de\/?page_id=1724\" target=\"_blank\">Steht alles hier<\/a>.<\/p>\n","protected":false},"excerpt":{"rendered":"<p>Die drei westlichen Kanareninseln El Hierro, La Gomera und Teneriffa sind das Ziel dieser Fahrt. Als gr\u00f6\u00dfte Insel der \u00f6stlichen Kanaren besuchen wir wenn m\u00f6glich auch Gran Canaria. Auf der Fahrt fordern die gro\u00dfen Abst\u00e4nde zwischen den H\u00e4fen \u00f6fters ein fr\u00fches Aufstehen. Die beste Jahreszeit f\u00fcr diese Strecken ist der Sommer, also von Juni bis&hellip; <a href=\"https:\/\/syrosebud.de\/?page_id=1426\" class=\"more-link\">Weiterlesen <span class=\"screen-reader-text\">Westliche Kanaren &#8211; Fahrt 12 Tage<\/span><\/a><\/p>\n","protected":false},"author":1,"featured_media":0,"parent":0,"menu_order":0,"comment_status":"closed","ping_status":"closed","template":"","meta":{"footnotes":""},"class_list":["post-1426","page","type-page","status-publish","hentry"],"_links":{"self":[{"href":"https:\/\/syrosebud.de\/index.php?rest_route=\/wp\/v2\/pages\/1426","targetHints":{"allow":["GET"]}}],"collection":[{"href":"https:\/\/syrosebud.de\/index.php?rest_route=\/wp\/v2\/pages"}],"about":[{"href":"https:\/\/syrosebud.de\/index.php?rest_route=\/wp\/v2\/types\/page"}],"author":[{"embeddable":true,"href":"https:\/\/syrosebud.de\/index.php?rest_route=\/wp\/v2\/users\/1"}],"replies":[{"embeddable":true,"href":"https:\/\/syrosebud.de\/index.php?rest_route=%2Fwp%2Fv2%2Fcomments&post=1426"}],"version-history":[{"count":23,"href":"https:\/\/syrosebud.de\/index.php?rest_route=\/wp\/v2\/pages\/1426\/revisions"}],"predecessor-version":[{"id":1747,"href":"https:\/\/syrosebud.de\/index.php?rest_route=\/wp\/v2\/pages\/1426\/revisions\/1747"}],"wp:attachment":[{"href":"https:\/\/syrosebud.de\/index.php?rest_route=%2Fwp%2Fv2%2Fmedia&parent=1426"}],"curies":[{"name":"wp","href":"https:\/\/api.w.org\/{rel}","templated":true}]}}