{"id":1468,"date":"2022-12-16T22:05:42","date_gmt":"2022-12-16T21:05:42","guid":{"rendered":"http:\/\/syrosebud.de\/?page_id=1468"},"modified":"2023-06-16T12:19:28","modified_gmt":"2023-06-16T10:19:28","slug":"madeira-und-zurueck-fahrt-12-tage","status":"publish","type":"page","link":"https:\/\/syrosebud.de\/?page_id=1468","title":{"rendered":"Madeira und Zur\u00fcck &#8211; Fahrt 12 Tage"},"content":{"rendered":"\n<p>Die<strong> portugiesische Blumeninsel<\/strong> im Atlantik liegt zwei Tagereisen n\u00f6rdlich von La Palma. Wir besuchen die Hauptinsel mit der Hauptstadt <strong>Funchal <\/strong>sowie die kleinere Nebeninsel <strong>Porto Santo<\/strong>. Auf der R\u00fcckfahrt legen wir einen Ankerstopp auf der gr\u00f6\u00dferen der beiden <strong>Ilhas Selvagens, Selvagen Grande<\/strong> ein. Diese liegen auf halbem Weg und teilen die R\u00fcckfahrt in zwei 24 Stunden Fahrten auf. Diese Fahrt ist nur m\u00f6glich, wenn der Wind nicht aus Nord oder Nordost kommt. Deshalb sind die Sommermonate mit ihrem best\u00e4ndigen NE Passat weniger geeignet, sondern der Fr\u00fchling von M\u00e4rz bis Mai.<\/p>\n\n\n\n<div class=\"wp-block-columns is-layout-flex wp-container-core-columns-is-layout-9d6595d7 wp-block-columns-is-layout-flex\">\n<div class=\"wp-block-column is-vertically-aligned-center is-layout-flow wp-block-column-is-layout-flow\" style=\"flex-basis:66.66%\">\n<figure class=\"wp-block-table has-small-font-size\"><table><tbody><tr><td>Fahrtgebiet<\/td><td>Atlantik, Madeira, Salvagen<\/td><\/tr><tr><td>Schwierigkeit<\/td><td>Mittel, 7 Tage in Fahrt, 5 Pausentage<\/td><\/tr><tr><td>Route<\/td><td>La Palma, Madeira, Porto Santo, <br>Ilhas Desertas, Salvagen, La Palma<\/td><\/tr><tr><td>Strecke<\/td><td>ca. 660M f\u00fcr SKS\/SSS\/SHS<br>RYA YM Costal\/Offshore<\/td><\/tr><tr><td>Saison<\/td><td>M\u00e4rz bis Mai und wenn der NE Passat aus E kommt.<\/td><\/tr><tr><td>Ausr\u00fcstung<\/td><td>Tropen und k\u00fchles Wetter<\/td><\/tr><\/tbody><\/table><figcaption class=\"wp-element-caption\">Zusammenfassung<\/figcaption><\/figure>\n<\/div>\n\n\n\n<div class=\"wp-block-column is-vertically-aligned-center is-layout-flow wp-block-column-is-layout-flow\" style=\"flex-basis:33.33%\">\n<figure class=\"wp-block-image size-full\"><img loading=\"lazy\" decoding=\"async\" width=\"700\" height=\"360\" src=\"https:\/\/syrosebud.de\/wp-content\/uploads\/2022\/10\/Funchal.jpg\" alt=\"\" class=\"wp-image-1470\" srcset=\"https:\/\/syrosebud.de\/wp-content\/uploads\/2022\/10\/Funchal.jpg 700w, https:\/\/syrosebud.de\/wp-content\/uploads\/2022\/10\/Funchal-300x154.jpg 300w\" sizes=\"auto, (max-width: 700px) 100vw, 700px\" \/><figcaption class=\"wp-element-caption\">Die Hauptstadt Funchal mit Hafen.<\/figcaption><\/figure>\n\n\n\n<figure class=\"wp-block-image size-full\"><img loading=\"lazy\" decoding=\"async\" width=\"700\" height=\"340\" src=\"https:\/\/syrosebud.de\/wp-content\/uploads\/2022\/10\/Kueste.jpg\" alt=\"\" class=\"wp-image-1471\" srcset=\"https:\/\/syrosebud.de\/wp-content\/uploads\/2022\/10\/Kueste.jpg 700w, https:\/\/syrosebud.de\/wp-content\/uploads\/2022\/10\/Kueste-300x146.jpg 300w\" sizes=\"auto, (max-width: 700px) 100vw, 700px\" \/><figcaption class=\"wp-element-caption\">Die Steilk\u00fcste von Madeira<\/figcaption><\/figure>\n<\/div>\n<\/div>\n\n\n\n<h2 class=\"wp-block-heading\">Route<\/h2>\n\n\n\n<div class=\"wp-block-columns is-layout-flex wp-container-core-columns-is-layout-9d6595d7 wp-block-columns-is-layout-flex\">\n<div class=\"wp-block-column is-layout-flow wp-block-column-is-layout-flow\">\n<figure class=\"wp-block-image size-full\"><img loading=\"lazy\" decoding=\"async\" width=\"701\" height=\"765\" src=\"https:\/\/syrosebud.de\/wp-content\/uploads\/2022\/10\/Route-nach-Madeira-2.jpg\" alt=\"\" class=\"wp-image-1477\" srcset=\"https:\/\/syrosebud.de\/wp-content\/uploads\/2022\/10\/Route-nach-Madeira-2.jpg 701w, https:\/\/syrosebud.de\/wp-content\/uploads\/2022\/10\/Route-nach-Madeira-2-275x300.jpg 275w\" sizes=\"auto, (max-width: 701px) 100vw, 701px\" \/><figcaption class=\"wp-element-caption\">Route nach Madeira und zur\u00fcck<\/figcaption><\/figure>\n<\/div>\n\n\n\n<div class=\"wp-block-column is-layout-flow wp-block-column-is-layout-flow\">\n<figure class=\"wp-block-image size-full is-resized\"><img loading=\"lazy\" decoding=\"async\" src=\"https:\/\/syrosebud.de\/wp-content\/uploads\/2022\/10\/Route-um-Madeira.jpg\" alt=\"\" class=\"wp-image-1475\" width=\"403\" height=\"342\" srcset=\"https:\/\/syrosebud.de\/wp-content\/uploads\/2022\/10\/Route-um-Madeira.jpg 891w, https:\/\/syrosebud.de\/wp-content\/uploads\/2022\/10\/Route-um-Madeira-300x255.jpg 300w, https:\/\/syrosebud.de\/wp-content\/uploads\/2022\/10\/Route-um-Madeira-768x652.jpg 768w\" sizes=\"auto, (max-width: 403px) 100vw, 403px\" \/><figcaption class=\"wp-element-caption\">Route innerhalb der Inseln Madeiras &#8211; Das Archipel besteht aus der Hauptinsel mit drei Marinas, der Nebeninsel Porto Santo mit einer Marina und den beiden W\u00fcsteninseln Ilhas Desertas, vor denen man nur ankern kann. <\/figcaption><\/figure>\n<\/div>\n<\/div>\n\n\n\n<figure class=\"wp-block-table has-small-font-size\"><table><thead><tr><th>Tag<\/th><th>Was<\/th><th>Von<\/th><th>Nach<\/th><th>M<\/th><\/tr><\/thead><tbody><tr><td>1<\/td><td>Anreise<\/td><td>Dahoam<\/td><td>Tazacorte (La Palma)<\/td><td><\/td><\/tr><tr><td>2<\/td><td>Vorbereitung, Einkaufen, <br>Probeschlag, Grillen<\/td><td>Tazacorte (La Palma)<\/td><td>Tazacorte (La Palma)<\/td><td><\/td><\/tr><tr><td>3\/4<\/td><td>\u00dcberfahrt<\/td><td>Tazacorte (La Palma)<\/td><td>Funchal (Madeira)<\/td><td>252<\/td><\/tr><tr><td>5\/6<\/td><td>Pausentage<\/td><td>Funchal (Madeira)<\/td><td><\/td><td><\/td><\/tr><tr><td>7<\/td><td>\u00dcberfahrt<\/td><td>Funchal (Madeira)<\/td><td>Porto Santo (Porto Santo)<\/td><td>42<\/td><\/tr><tr><td>8<\/td><td>Pausentag<\/td><td>Porto Santo (Porto Santo)<\/td><td><\/td><td><\/td><\/tr><tr><td>9<\/td><td>\u00dcberfahrt<\/td><td>Porto Santo (Porto Santo)<\/td><td>Deserta Grande (Ihlas Desertas)<\/td><td>37<\/td><\/tr><tr><td>10<\/td><td>\u00dcberfahrt<\/td><td>Deserta Grande (Ihlas Desertas)<\/td><td>Quinto de Lorde (Madeira)<\/td><td>17<\/td><\/tr><tr><td>11<\/td><td>\u00dcberfahrt<\/td><td>Quinto de Lorde (Madeira)<\/td><td>Salvagen Grande (Ihlas Salvagens)<\/td><td>162<\/td><\/tr><tr><td>12<\/td><td>Halber Pausentag vor Anker<\/td><td>Salvagen Grande (Ihlas Salvagens)<\/td><td><\/td><td><\/td><\/tr><tr><td>13<\/td><td>\u00dcberfahrt<\/td><td>Salvagen Grande (Ihlas Salvagens)<\/td><td>Tazacorte (La Palma)<\/td><td>156<\/td><\/tr><tr><td>14<\/td><td>Abreise<\/td><td>Tazacorte (La Palma)<\/td><td>Dahoam<\/td><td>666<\/td><\/tr><\/tbody><\/table><figcaption class=\"wp-element-caption\">Route &#8211; 666M gesamt &#8211; 7 Tage an Bord &#8211; drei Schl\u00e4ge &gt; 60M &#8211; 2 Nachtfahrten &#8211; RYA Offshore Meilen: YES<\/figcaption><\/figure>\n\n\n\n<h3 class=\"wp-block-heading\">Ablauf<\/h3>\n\n\n\n<p>Tag 1 Anreise &#8211; am besten mit dem Flugzeug.<\/p>\n\n\n\n<p>Tag 2 Verbringen wir mit Briefing, Vorbereitung und Einkaufen. Wenn es die Zeit vor dem Grillen zul\u00e4sst, fahren wir einen kleinen Probeschlag vor der Westk\u00fcste La Palmas. Das Boot wird abends f\u00fcr ein fr\u00fches Ablegen in Tazacorte vorbereitet.<\/p>\n\n\n\n<p>Tag 3\/4 Wir brechen vor Sonnenaufgang auf und fahren 50 Stunden mit Wachsystem durch bis nach Madeira in die Hauptstadt Funchal. Schon zu Beginn der Fahrt m\u00fcssen wir durch die Beschleunigungszone an der Nordspitze von La Palma. Die Fahrt beginnt also eventuell anstrengend &#8230;<\/p>\n\n\n\n<p>Tag 5 &#8230; lohnt sich aber. Denn nachdem wir am Vormittag auf der Blumeninsel ankommen, nehmen wir uns den Rest des Tages und einen weiteren Pausentag zur Erhohlung.<\/p>\n\n\n\n<p>Tag 6 Pausentag auf Madeira zur Erkundung der Insel.<\/p>\n\n\n\n<p>Tag 7 \u00dcberfahrt nach Porto Santo 42M.<\/p>\n\n\n\n<p>Tag 8 Pausentag auf Porto Santo und Einkaufen von frischem Proviant.<\/p>\n\n\n\n<p>Tag 9 Wir fahren 37M auf die W\u00fcsteninseln Ihlas Desertas und ankern den Rest des Tages vor Deserta Grande.<\/p>\n\n\n\n<p>Tag 10 Wir fahren 17M zur\u00fcck in den Osten von Madeira nach Quinto de Lorde. Dort ruhen wir uns den Rest des Tages f\u00fcr die R\u00fcckfahrt aus.<\/p>\n\n\n\n<p>Tag 11 Fr\u00fches ablegen und 162M segeln um am n\u00e4chsten Mittag vor Salvagen Grande f\u00fcr den Rest des Tages und die Nacht zu ankern.<\/p>\n\n\n\n<p>Tag 12\/13 Wir schlafen aus und starten am Vormittag zur\u00fcck nach La Palma, wo wir am Nachmittag des n\u00e4chsten Tages ankommen.<\/p>\n\n\n\n<p>Tag 14 Abreise<\/p>\n\n\n\n<h2 class=\"wp-block-heading\">Ausr\u00fcstung<\/h2>\n\n\n\n<p>Was muss man mitbringen? <a rel=\"noreferrer noopener\" href=\"https:\/\/syrosebud.de\/?page_id=1724\" target=\"_blank\">Steht alles hier<\/a>.<\/p>\n","protected":false},"excerpt":{"rendered":"<p>Die portugiesische Blumeninsel im Atlantik liegt zwei Tagereisen n\u00f6rdlich von La Palma. Wir besuchen die Hauptinsel mit der Hauptstadt Funchal sowie die kleinere Nebeninsel Porto Santo. Auf der R\u00fcckfahrt legen wir einen Ankerstopp auf der gr\u00f6\u00dferen der beiden Ilhas Selvagens, Selvagen Grande ein. Diese liegen auf halbem Weg und teilen die R\u00fcckfahrt in zwei 24&hellip; <a href=\"https:\/\/syrosebud.de\/?page_id=1468\" class=\"more-link\">Weiterlesen <span class=\"screen-reader-text\">Madeira und Zur\u00fcck &#8211; Fahrt 12 Tage<\/span><\/a><\/p>\n","protected":false},"author":1,"featured_media":0,"parent":0,"menu_order":0,"comment_status":"closed","ping_status":"closed","template":"","meta":{"footnotes":""},"class_list":["post-1468","page","type-page","status-publish","hentry"],"_links":{"self":[{"href":"https:\/\/syrosebud.de\/index.php?rest_route=\/wp\/v2\/pages\/1468","targetHints":{"allow":["GET"]}}],"collection":[{"href":"https:\/\/syrosebud.de\/index.php?rest_route=\/wp\/v2\/pages"}],"about":[{"href":"https:\/\/syrosebud.de\/index.php?rest_route=\/wp\/v2\/types\/page"}],"author":[{"embeddable":true,"href":"https:\/\/syrosebud.de\/index.php?rest_route=\/wp\/v2\/users\/1"}],"replies":[{"embeddable":true,"href":"https:\/\/syrosebud.de\/index.php?rest_route=%2Fwp%2Fv2%2Fcomments&post=1468"}],"version-history":[{"count":17,"href":"https:\/\/syrosebud.de\/index.php?rest_route=\/wp\/v2\/pages\/1468\/revisions"}],"predecessor-version":[{"id":1744,"href":"https:\/\/syrosebud.de\/index.php?rest_route=\/wp\/v2\/pages\/1468\/revisions\/1744"}],"wp:attachment":[{"href":"https:\/\/syrosebud.de\/index.php?rest_route=%2Fwp%2Fv2%2Fmedia&parent=1468"}],"curies":[{"name":"wp","href":"https:\/\/api.w.org\/{rel}","templated":true}]}}