{"id":1724,"date":"2023-06-16T12:16:59","date_gmt":"2023-06-16T10:16:59","guid":{"rendered":"http:\/\/syrosebud.de\/?page_id=1724"},"modified":"2026-03-31T13:11:25","modified_gmt":"2026-03-31T11:11:25","slug":"etwas-gepaeck","status":"publish","type":"page","link":"https:\/\/syrosebud.de\/?page_id=1724","title":{"rendered":"Etwas Gep\u00e4ck?"},"content":{"rendered":"\n<p>Was muss man mitbringen, was nicht? Auch wenn die meisten Leser das Boot kennen oder sogar schon mit gefahren sind, hier noch einmal die gesammelte Information zum Thema Gep\u00e4ck.<\/p>\n\n\n\n<p>Die <em>Rosebud <\/em>ist ausger\u00fcstet wie ein Ferienappartement, nur ohne Pool. Handt\u00fccher (auch Badet\u00fccher), Bettzeug, Bettw\u00e4sche etc. ist alles da. F\u00fcr die Frostbeulen in der Crew gibt es auch zus\u00e4tzliche Fleecedecken. Kleidung ist zwar abh\u00e4ngig vom Wetter, jedoch ist eine gute N\u00e4herung ein Wanderurlaub mit Strandanteil.<\/p>\n\n\n\n<p>Hygienartikel f\u00fcr WC und gegen Pandemie sind vorhanden. Die K\u00fcche mit K\u00fchlschrank, Herd und Mikrowelle ist \u00e4hnlich best\u00fcckt wie zu Hause. S\u00fc\u00dfwasser ist immer mehr als ausreichend an Bord und den Rest kaufen wir vorher ein.<\/p>\n\n\n\n<h2 class=\"wp-block-heading\">Taschen und Koffer<\/h2>\n\n\n\n<ul class=\"wp-block-list\">\n<li><strong>Reisetaschen<\/strong>: Sind gut. Weiche Taschen oder Rucks\u00e4cke, die sich zusammenfalten lassen. <\/li>\n\n\n\n<li><strong>Hartschalenkoffer<\/strong>: Sind schlecht, da diese an Bord nicht verstaut werden k\u00f6nnen. Wir k\u00f6nnten sie aber umpacken und im Haus deponieren.<\/li>\n\n\n\n<li><strong>Wasserdichte Tragestasche<\/strong>: Zum Duschen gehen, f\u00fcr den Strand oder als Grab-Bag, demnach m\u00f6glichst wasserdicht und verschlie\u00dfbar f\u00fcr Handy, Kamera, Badetuch.<\/li>\n\n\n\n<li><strong>Bauchtasche, Brustbeutel o.\u00e4.<\/strong>: Als Sicherheitstasche f\u00fcr Dokumente und Geld. Die Kanaren sind zwar ein sehr sicheres Revier, aber es ist halt gut, wenn man immer alles zusammen hat und im Ernstfall nicht lange suchen muss.<\/li>\n<\/ul>\n\n\n\n<h2 class=\"wp-block-heading\">Kleidung<\/h2>\n\n\n\n<p>Die Kleidung h\u00e4ngt nat\u00fcrlich von der Fahrtdauer ab. Als Revier werden die atlantischen Inseln angenommen (Kanaren, Azoren, Madeira, Kapverden) und als Reisezeit das ganze Jahr. Als generelle Regel: mehr T-Shirts als Str\u00fcmpfe und wenn alles gepackt ist, ein Viertel davon wieder aus dem Koffer nehmen.<\/p>\n\n\n\n<ul class=\"wp-block-list\">\n<li><strong>Am Tage<\/strong>: T-Shirts und Unterw\u00e4sche, kurze H\u00f6sschen oder R\u00f6ckchen und Sandalen sind das, was man am meisten braucht. <\/li>\n\n\n\n<li><strong>Kleidung<\/strong>: Lange Hose, Pullover und Sweatshirt sind absolut sinnvoll, es wird gerade im Winter nachts schon mal frisch. Da kann ein warmer Pullover mehr nicht schaden.<\/li>\n\n\n\n<li><strong>Strand und Baden<\/strong>: Badekleidung je nach Bedarf und K\u00f6rperform. Auf jeder Insel gibt es Str\u00e4nde und die Badeplattform vor Anker. Die Handt\u00fccher auf der Rosebud d\u00fcrfen auch Salz und Sand abbekommen. Es sind also genug da und niemand muss den Koffer mit Badet\u00fcchern voll machen.<\/li>\n\n\n\n<li><strong>Jacke<\/strong>: Segeljacke und\/oder Allwetterjacke zum Wandern oder in der Regenfront.<\/li>\n\n\n\n<li><strong>Segelkleidung:<\/strong> Eigentlich braucht man keine Schwerwettersachen, die Rosebud hat ein perfekt gesch\u00fctztes Cockpit und seit neuestem auch eine geschlossene Kuchenbude. Aber vor ein paar Stunden Regen ist man halt nie sicher. Wer also eine wasserdichte Segelhose hat, der kann sie mitbringen wenn noch Platz im Koffer ist, muss es aber nicht.<\/li>\n\n\n\n<li><strong>Schuhe und Sandalen<\/strong>: f\u00fcr die Reise, den Landgang oder zum Wandern. Gerade die westlichen Kanaren haben ein sehr gutes Netz an Wanderwegen. Seit dem neuen Teakdeck gilt auch auf der <em>Rosebud<\/em>: Strassenschuhe aus!<\/li>\n\n\n\n<li><strong>Bootsschuhe \/ Badeschuhe mit nicht abf\u00e4rbenden Sohlen:<\/strong> Das Schuhwerk f\u00fcr den Alltag an Bord ist noch das Speziellste. Keine Gummistiefel aus dem Baumarkt (Rutschgefahr), keine Turnschuhe mit schwarzen Sohlen (Streifen auf dem Deck) und keine Flipflops (Verletzungsgefahr). <br>Am besten vorne geschlossene Bootsschuhe oder Surf-\/Badeschuhe, also keine Badelatschen sondern welche mit sicherem Sitz und Zehenschutz. Anf\u00e4nger d\u00fcrfen nicht ohne diesen \u00fcber das Deck turnen. Erfahrene Segler k\u00f6nnen sich gerne die Zehen an den Klampen anknacksen, aber deshalb kehren wir dann nicht um!<\/li>\n\n\n\n<li><strong>Sonnenschutz: <\/strong>Sehr wichtig: Sonnenbrille, Hut, M\u00fctze, am besten zwei, wenn eine vom Kopf geweht wird. Die Sonne auf den atlantischen Inseln steht h\u00f6her und ist intensiver als in Europa.<\/li>\n<\/ul>\n\n\n\n<h2 class=\"wp-block-heading\">Toilettenartikel und Gesundheit<\/h2>\n\n\n\n<ul class=\"wp-block-list\">\n<li><strong>Toilettenpapier<\/strong>: Trocken und feucht ist ausreichend an Bord.<\/li>\n\n\n\n<li><strong>Sonnencreme und Sonnenschutz<\/strong>: Je nach Hauttyp mitbringen. &#8222;Korallenfreundlich&#8220; sollte es sein und biologisch abbaubar f\u00fcr unseren geschundenen Atlantik. <br>Aus dem Internet: &#8222;In der Diskussion stehen UV-Filter Octinoxat und Oxybenzon, da sie Korallen bleichen und deren Absterben verursachen k\u00f6nnen.&#8220;<\/li>\n\n\n\n<li><strong>Insektenschutz<\/strong>: M\u00fcckenschutzmittel sch\u00fctzen nicht die Insekten, sondern die Haut. Wie n\u00f6tig, das h\u00e4ngt von der Insel ab.<\/li>\n\n\n\n<li><strong>Toilettenartikel in Reisegr\u00f6\u00dfe<\/strong>: Shampoo, Duschzeug, Seife, Zahnb\u00fcrste, Zahnpasta, etc.. Wer gerne die Au\u00dfendusche auf der Badeplattform benutzen m\u00f6chte, der sollte bitte auf biologisch abbaubare Seife achten.<\/li>\n\n\n\n<li><strong>Lippenpflege:<\/strong> Lippenstift mit Lichtschutzfaktor macht Sinn, vor allem auf den trockenen \u00f6stlichen Kanaren.<\/li>\n\n\n\n<li><strong>Schlafunterst\u00fctzung<\/strong>: Bei leichtem Schlaf helfen Ohrst\u00f6psel w\u00e4hrend einer Nachtfahrt unter Motor. <\/li>\n\n\n\n<li><strong>Seekrankheit<\/strong>: Es gibt an Bord eine Packung Notpillen. Wer aber schon wei\u00df, dass er anf\u00e4llig ist f\u00fcr &#8222;mir ist nicht so h\u00fcbsch&#8220;, bitte selbst etwas dagegen mitbringen.<\/li>\n\n\n\n<li><strong>Medikamente<\/strong>: Wir werden ja nun nicht j\u00fcnger. Wer Medikamente mitbringt, der sollte Namen und Dosis darauf schreiben, um Verwechslung zu vermeiden.<\/li>\n<\/ul>\n\n\n\n<h2 class=\"wp-block-heading\">Dokumente<\/h2>\n\n\n\n<ul class=\"wp-block-list\">\n<li><strong>Ausweis \/ Pass<\/strong>: Je nach Reiseziel wird ein Reisepass be\u00f6tigt (Kapverden) oder es reicht der Personalausweiss (Azoren, Madeira, Kanaren) &#8211; als EU B\u00fcrger nat\u00fcrlich.<\/li>\n\n\n\n<li><strong>Impfnachweise<\/strong>: Die gegen Corna sind nicht mehr n\u00f6tig, aber wer einen guten Impfschutz hat, der sollte das im Falle eines medizinischen Problems auch nachweisen k\u00f6nnen.<\/li>\n\n\n\n<li><strong>Segelscheine:<\/strong> Nat\u00fcrlich immer gut, wenn man Verantwortung \u00fcbernehmen will und kann.<\/li>\n\n\n\n<li><strong>Meilenbuch:<\/strong> Wer noch Meilen braucht auf jeden Fall, wer sie nur m\u00f6chte auch.  <\/li>\n<\/ul>\n\n\n\n<h2 class=\"wp-block-heading\">Sicherheit<\/h2>\n\n\n\n<ul class=\"wp-block-list\">\n<li><strong>Handschuhe:<\/strong> Segelhandschuhe bitte mitbringen.<\/li>\n\n\n\n<li><strong>Bootsschuhe: <\/strong>siehe oben&#8230;<\/li>\n\n\n\n<li><strong>Taschenlampe:<\/strong> An Bord sind zwei Taschenlampen und eine Stirnlampe, Rotlicht f\u00fcr die Nachtfahrt und Wei\u00dflicht in den Kaj\u00fcten. Aber man kann davon ja nicht genug haben.<\/li>\n\n\n\n<li><strong>Segelmesser: <\/strong>Als Taschenmesser erlaubt, als feststehende Klinge nicht \u00fcberall erlaubt. Auf jeden Fall nat\u00fcrlich nur im Gep\u00e4ck.<\/li>\n\n\n\n<li><strong>Rettungswesten<\/strong>: Es gibt vier Rettungswesten an Bord. Wenn wir mehr sind, dann m\u00fcssen wir absprechen, wer seine eigene mitbringt. Die Mitnahme im Flugzeug ist m\u00f6glich: <a href=\"https:\/\/www.secumar.com\/darf-man-seine-aufblasbare-rettungsweste-mit-ins-flugzeug-nehmen\/\" target=\"_blank\" rel=\"noreferrer noopener\">Info bei Secumar<\/a>.<\/li>\n\n\n\n<li><strong>PLB<\/strong>: Wer ein personal locator beacon hat und mitbringen m\u00f6chte, sehr gerne. Eines ist an Bord, das AIS sendet. Dieses bekommt immer die Nachtwache.<\/li>\n\n\n\n<li><strong>Grab-Bag: <\/strong>siehe oben&#8230;<\/li>\n<\/ul>\n\n\n\n<h2 class=\"wp-block-heading\">Was nicht?<\/h2>\n\n\n\n<ul class=\"wp-block-list\">\n<li><strong>Seenotsignalmittel:<\/strong> Auf keinen Fall mitbringen! Im Flugzeug ist das v\u00f6llig verboten, selbst im Gep\u00e4ck. An Bord ist ein &#8222;Hochseekoffer&#8220; und eine &#8222;K\u00fcstendose&#8220;, also mehr als genug Fallschirmraketen, Hand- und Rauchfackeln. Ausserdem ein Schussger\u00e4t ohne Lauf, mit dem wei\u00df und rot geschossen werden kann, ohne einen Waffenschein.<\/li>\n\n\n\n<li><strong>Pfefferspray: <\/strong>und andere Mittel zur Selbstverteidigung fallen in Portugal unter das Waffenrecht mit einem kleinen Waffenschein. Also auch zu Hause lassen, wir haben einen schicken Bootshaken, um l\u00e4stige Verehrer fern zu halten.<\/li>\n\n\n\n<li><strong>Pflanzen, Blumen, Samen: <\/strong>Das m\u00f6gen sie auf keiner der Inseln, obowhl sich kaum einer daran h\u00e4lt.<\/li>\n\n\n\n<li><strong>Schmuck<\/strong>: Teurer Schmuck ist auf einem Segelboot v\u00f6llig sinnlos.<\/li>\n\n\n\n<li><strong>\u00d6le und Selbstbr\u00e4uner: <\/strong>Das gibt h\u00e4ssliche Flecken auf dem Teakdeck und die Sonne br\u00e4unt schon genug.<\/li>\n\n\n\n<li><strong>F\u00f6n: <\/strong>Wir haben im Haus Haartrockner, davon k\u00f6nnen wir notfalls einen mitnehmen, aber das geht dann nur bei Landstrom. Der Inverter schafft gerade mal 1200W.<\/li>\n\n\n\n<li><strong>Erste Hilfe:<\/strong> Pflaster, Verbandsmaterial, etc. sind nicht n\u00f6tig. An Bord gibt es mehrere Verbandsk\u00e4sten f\u00fcr das kleine Aua und eine Profi Seadoc Tasche f\u00fcr den Ernstfall.<\/li>\n\n\n\n<li><strong>Fernglas:<\/strong> Sind zwei an Bord, eines davon ein Steiner mit Nachtkompass. Das sollte reichen.<\/li>\n\n\n\n<li><strong>Navigation:<\/strong> An Bord sind neue elektronische Seekarten von C-Map im Plotter, gedruckte und Rasterkarten von NV im Laptop und OSM Karten im Garmin handheld GPS. Ausserdem gibt es amtliche Papierkarten der Kanaren. Insgesamt sind vier GPS Empf\u00e4nger an Bord, Handys nicht mitgerechnet. Das sollte also wirklich reichen. Keiner braucht Seekarten oder GPS Ger\u00e4te mitbringen.<\/li>\n\n\n\n<li><strong>Astronavigation: <\/strong>Wer Astronavi \u00fcben m\u00f6chte, der muss daf\u00fcr keinen Sextanten mitschleppen. Bitte vorher Bescheid sagen, dann sind genug davon an Bord und auch die Ephemeriden k\u00f6nnen wir mit dem Laptop ausrechnen.<\/li>\n\n\n\n<li><strong>K\u00fcchenutensilien: <\/strong>sind nicht n\u00f6tig. Es gibt alles an Bord um halbwegs anst\u00e4ndige Mahlzeiten und Hei\u00dfgetr\u00e4nke zu erzeugen. Selbst einen Milchaufsch\u00e4umer haben wir. <\/li>\n<\/ul>\n","protected":false},"excerpt":{"rendered":"<p>Was muss man mitbringen, was nicht? Auch wenn die meisten Leser das Boot kennen oder sogar schon mit gefahren sind, hier noch einmal die gesammelte Information zum Thema Gep\u00e4ck. Die Rosebud ist ausger\u00fcstet wie ein Ferienappartement, nur ohne Pool. Handt\u00fccher (auch Badet\u00fccher), Bettzeug, Bettw\u00e4sche etc. ist alles da. F\u00fcr die Frostbeulen in der Crew gibt&hellip; <a href=\"https:\/\/syrosebud.de\/?page_id=1724\" class=\"more-link\">Weiterlesen <span class=\"screen-reader-text\">Etwas Gep\u00e4ck?<\/span><\/a><\/p>\n","protected":false},"author":1,"featured_media":0,"parent":0,"menu_order":0,"comment_status":"closed","ping_status":"closed","template":"","meta":{"footnotes":""},"class_list":["post-1724","page","type-page","status-publish","hentry"],"_links":{"self":[{"href":"https:\/\/syrosebud.de\/index.php?rest_route=\/wp\/v2\/pages\/1724","targetHints":{"allow":["GET"]}}],"collection":[{"href":"https:\/\/syrosebud.de\/index.php?rest_route=\/wp\/v2\/pages"}],"about":[{"href":"https:\/\/syrosebud.de\/index.php?rest_route=\/wp\/v2\/types\/page"}],"author":[{"embeddable":true,"href":"https:\/\/syrosebud.de\/index.php?rest_route=\/wp\/v2\/users\/1"}],"replies":[{"embeddable":true,"href":"https:\/\/syrosebud.de\/index.php?rest_route=%2Fwp%2Fv2%2Fcomments&post=1724"}],"version-history":[{"count":22,"href":"https:\/\/syrosebud.de\/index.php?rest_route=\/wp\/v2\/pages\/1724\/revisions"}],"predecessor-version":[{"id":2239,"href":"https:\/\/syrosebud.de\/index.php?rest_route=\/wp\/v2\/pages\/1724\/revisions\/2239"}],"wp:attachment":[{"href":"https:\/\/syrosebud.de\/index.php?rest_route=%2Fwp%2Fv2%2Fmedia&parent=1724"}],"curies":[{"name":"wp","href":"https:\/\/api.w.org\/{rel}","templated":true}]}}