{"id":36,"date":"2020-12-15T20:36:15","date_gmt":"2020-12-15T19:36:15","guid":{"rendered":"https:\/\/192.168.231.172\/?page_id=36"},"modified":"2026-01-03T13:46:55","modified_gmt":"2026-01-03T12:46:55","slug":"die-startseite","status":"publish","type":"page","link":"https:\/\/syrosebud.de\/","title":{"rendered":"Leinen Los!"},"content":{"rendered":"\n<p class=\"has-medium-font-size\">Moin, dies ist die Webseite zur Segelyacht <em>Rosebud<\/em>, einer Beneteau Oceanis 42 Center Cockpit. Das Boot liegt zur Zeit auf der kanarischen Insel La Palma. Mehr oder weniger aktuelle Beitr\u00e4ge \u00fcber die letzten Aktionen findet man im <a href=\"?page_id=13\">Blog<\/a>.<\/p>\n\n\n\n<div class=\"wp-block-columns is-layout-flex wp-container-core-columns-is-layout-9d6595d7 wp-block-columns-is-layout-flex\">\n<div class=\"wp-block-column is-layout-flow wp-block-column-is-layout-flow\">\n<p class=\"has-medium-font-size\">Auf vielfachen Wunsch einiger Weniger, eine Liste mit Abkl\u00fcrzungen zu den h\u00e4ufigsten Blogbeitr\u00e4gen:<\/p>\n<\/div>\n\n\n\n<div class=\"wp-block-column is-layout-flow wp-block-column-is-layout-flow\">\n<p class=\"has-medium-font-size\"><a href=\"https:\/\/syrosebud.de\/?p=408\" target=\"_blank\" rel=\"noreferrer noopener\">Passagenplan nach La Palma aus 2021<\/a><br><a href=\"https:\/\/syrosebud.de\/?p=957\" target=\"_blank\" rel=\"noreferrer noopener\">Die Etappen Deutschland bis La Palma<\/a><br><a href=\"https:\/\/www.youtube.com\/watch?v=RODSZLIftYs\" target=\"_blank\" rel=\"noreferrer noopener\">Das Video von Harmut auf youtube<\/a><br><a href=\"https:\/\/syrosebud.de\/?p=1210\" target=\"_blank\" rel=\"noreferrer noopener\">Beitrag \u00fcber das Haus im Vulkan<\/a><\/p>\n<\/div>\n<\/div>\n\n\n<div class=\"wp-block-image is-style-default\">\n<figure class=\"aligncenter size-large\"><img loading=\"lazy\" decoding=\"async\" width=\"768\" height=\"1024\" src=\"https:\/\/syrosebud.de\/wp-content\/uploads\/2023\/10\/La-Gomera-768x1024.jpg\" alt=\"\" class=\"wp-image-1864\" srcset=\"https:\/\/syrosebud.de\/wp-content\/uploads\/2023\/10\/La-Gomera-768x1023.jpg 768w, https:\/\/syrosebud.de\/wp-content\/uploads\/2023\/10\/La-Gomera-225x300.jpg 225w, https:\/\/syrosebud.de\/wp-content\/uploads\/2023\/10\/La-Gomera.jpg 1010w\" sizes=\"auto, (max-width: 768px) 100vw, 768px\" \/><figcaption class=\"wp-element-caption\">Rosebud 2023 in San Sebasti\u00e1n auf La Gomera<\/figcaption><\/figure>\n<\/div>\n\n\n<p>Wer Kommentare zu den Beitr\u00e4gen hinterlassen m\u00f6chte, der muss sich (leider) <a href=\"https:\/\/syrosebud.de\/wp-login.php?action=register\">registrieren<\/a> und\/oder <a href=\"https:\/\/syrosebud.de\/wp-login.php\">anmelden<\/a>. Mehr dazu steht in der <a href=\"?page_id=9\">Datenschutzerkl\u00e4rung<\/a>. Nachrichten und nicht \u00f6ffentliche Kommentare gerne auch <a href=\"?page_id=12\">direkt<\/a> an mich.<\/p>\n\n\n\n<p>Hasta luego!<\/p>\n","protected":false},"excerpt":{"rendered":"<p>Moin, dies ist die Webseite zur Segelyacht Rosebud, einer Beneteau Oceanis 42 Center Cockpit. Das Boot liegt zur Zeit auf der kanarischen Insel La Palma. Mehr oder weniger aktuelle Beitr\u00e4ge \u00fcber die letzten Aktionen findet man im Blog. Auf vielfachen Wunsch einiger Weniger, eine Liste mit Abkl\u00fcrzungen zu den h\u00e4ufigsten Blogbeitr\u00e4gen: Passagenplan nach La Palma&hellip; <a href=\"https:\/\/syrosebud.de\/\" class=\"more-link\">Weiterlesen <span class=\"screen-reader-text\">Leinen Los!<\/span><\/a><\/p>\n","protected":false},"author":1,"featured_media":0,"parent":0,"menu_order":0,"comment_status":"closed","ping_status":"closed","template":"","meta":{"footnotes":""},"class_list":["post-36","page","type-page","status-publish","hentry"],"_links":{"self":[{"href":"https:\/\/syrosebud.de\/index.php?rest_route=\/wp\/v2\/pages\/36","targetHints":{"allow":["GET"]}}],"collection":[{"href":"https:\/\/syrosebud.de\/index.php?rest_route=\/wp\/v2\/pages"}],"about":[{"href":"https:\/\/syrosebud.de\/index.php?rest_route=\/wp\/v2\/types\/page"}],"author":[{"embeddable":true,"href":"https:\/\/syrosebud.de\/index.php?rest_route=\/wp\/v2\/users\/1"}],"replies":[{"embeddable":true,"href":"https:\/\/syrosebud.de\/index.php?rest_route=%2Fwp%2Fv2%2Fcomments&post=36"}],"version-history":[{"count":16,"href":"https:\/\/syrosebud.de\/index.php?rest_route=\/wp\/v2\/pages\/36\/revisions"}],"predecessor-version":[{"id":2160,"href":"https:\/\/syrosebud.de\/index.php?rest_route=\/wp\/v2\/pages\/36\/revisions\/2160"}],"wp:attachment":[{"href":"https:\/\/syrosebud.de\/index.php?rest_route=%2Fwp%2Fv2%2Fmedia&parent=36"}],"curies":[{"name":"wp","href":"https:\/\/api.w.org\/{rel}","templated":true}]}}